{"id":477,"date":"2024-02-06T12:10:10","date_gmt":"2024-02-06T11:10:10","guid":{"rendered":"https:\/\/7g7mpt.n0c.world\/?post_type=product&#038;p=477"},"modified":"2024-02-06T12:10:10","modified_gmt":"2024-02-06T11:10:10","slug":"sac-a-dos","status":"publish","type":"product","link":"https:\/\/7g7mpt.n0c.world\/index.php\/produit\/sac-a-dos\/","title":{"rendered":"Sac \u00e0 dos"},"content":{"rendered":"<p>Sac \u00e0 dos noir et orange avec marquage flex logo du club + initiales<\/p>\n<ul>\n<li>100% polyester (600D\/420D Ripstop)<\/li>\n<li>bandouli\u00e8res ajustables rembourr\u00e9es<\/li>\n<li>poign\u00e9e en toile de sangle<\/li>\n<li>2 compartiments principaux avec fermeture \u00e0 glissi\u00e8re<\/li>\n<li>2 poches lat\u00e9rales \u00e0 filet<\/li>\n<li>capacit\u00e9: 27 litres<\/li>\n<li>dimensions: 33 x 44 x 19 cm<\/li>\n<\/ul>\n","protected":false},"excerpt":{"rendered":"<p>Sac \u00e0 dos noir et orange avec marquage flex logo du club + initiales 100% polyester (600D\/420D Ripstop) bandouli\u00e8res ajustables rembourr\u00e9es poign\u00e9e en toile de sangle 2 compartiments principaux avec fermeture \u00e0 glissi\u00e8re 2 poches lat\u00e9rales \u00e0 filet capacit\u00e9: 27 litres dimensions: 33 x 44 x 19 cm<\/p>\n","protected":false},"featured_media":479,"comment_status":"open","ping_status":"closed","template":"","meta":[],"product_cat":[15],"product_tag":[],"class_list":["post-477","product","type-product","status-publish","has-post-thumbnail","hentry","product_cat-non-classe"],"_links":{"self":[{"href":"https:\/\/7g7mpt.n0c.world\/index.php\/wp-json\/wp\/v2\/product\/477","targetHints":{"allow":["GET"]}}],"collection":[{"href":"https:\/\/7g7mpt.n0c.world\/index.php\/wp-json\/wp\/v2\/product"}],"about":[{"href":"https:\/\/7g7mpt.n0c.world\/index.php\/wp-json\/wp\/v2\/types\/product"}],"replies":[{"embeddable":true,"href":"https:\/\/7g7mpt.n0c.world\/index.php\/wp-json\/wp\/v2\/comments?post=477"}],"wp:featuredmedia":[{"embeddable":true,"href":"https:\/\/7g7mpt.n0c.world\/index.php\/wp-json\/wp\/v2\/media\/479"}],"wp:attachment":[{"href":"https:\/\/7g7mpt.n0c.world\/index.php\/wp-json\/wp\/v2\/media?parent=477"}],"wp:term":[{"taxonomy":"product_cat","embeddable":true,"href":"https:\/\/7g7mpt.n0c.world\/index.php\/wp-json\/wp\/v2\/product_cat?post=477"},{"taxonomy":"product_tag","embeddable":true,"href":"https:\/\/7g7mpt.n0c.world\/index.php\/wp-json\/wp\/v2\/product_tag?post=477"}],"curies":[{"name":"wp","href":"https:\/\/api.w.org\/{rel}","templated":true}]}}