{"id":10,"date":"2023-06-30T10:03:29","date_gmt":"2023-06-30T08:03:29","guid":{"rendered":"https:\/\/7g7mpt.n0c.world\/?page_id=10"},"modified":"2024-02-06T11:49:58","modified_gmt":"2024-02-06T10:49:58","slug":"a-propos-de-nous","status":"publish","type":"page","link":"https:\/\/7g7mpt.n0c.world\/index.php\/a-propos-de-nous\/","title":{"rendered":"\u00e0 propos de nous"},"content":{"rendered":"\t\t<div data-elementor-type=\"wp-post\" data-elementor-id=\"10\" class=\"elementor elementor-10\" data-elementor-post-type=\"page\">\n\t\t\t\t\t\t\t\t\t<section class=\"elementor-section elementor-top-section elementor-element elementor-element-354b763a elementor-section-boxed elementor-section-height-default elementor-section-height-default\" data-id=\"354b763a\" data-element_type=\"section\" data-settings=\"{&quot;background_background&quot;:&quot;classic&quot;,&quot;jet_parallax_layout_list&quot;:[]}\">\n\t\t\t\t\t\t\t<div class=\"elementor-background-overlay\"><\/div>\n\t\t\t\t\t\t\t<div class=\"elementor-container elementor-column-gap-no\">\n\t\t\t\t\t<div class=\"elementor-column elementor-col-100 elementor-top-column elementor-element elementor-element-5e1154f1\" data-id=\"5e1154f1\" data-element_type=\"column\">\n\t\t\t<div class=\"elementor-widget-wrap elementor-element-populated\">\n\t\t\t\t\t\t\t\t<div class=\"elementor-element elementor-element-4db83f1d elementor-widget elementor-widget-heading\" data-id=\"4db83f1d\" data-element_type=\"widget\" data-widget_type=\"heading.default\">\n\t\t\t\t<div class=\"elementor-widget-container\">\n\t\t\t<style>\/*! elementor - v3.14.0 - 26-06-2023 *\/\n.elementor-heading-title{padding:0;margin:0;line-height:1}.elementor-widget-heading .elementor-heading-title[class*=elementor-size-]>a{color:inherit;font-size:inherit;line-height:inherit}.elementor-widget-heading .elementor-heading-title.elementor-size-small{font-size:15px}.elementor-widget-heading .elementor-heading-title.elementor-size-medium{font-size:19px}.elementor-widget-heading .elementor-heading-title.elementor-size-large{font-size:29px}.elementor-widget-heading .elementor-heading-title.elementor-size-xl{font-size:39px}.elementor-widget-heading .elementor-heading-title.elementor-size-xxl{font-size:59px}<\/style><h2 class=\"elementor-heading-title elementor-size-default\">Amicale la\u00efque saint genest lerpt basket<\/h2>\t\t<\/div>\n\t\t\t\t<\/div>\n\t\t\t\t<div class=\"elementor-element elementor-element-59cae020 elementor-widget__width-auto elementor-widget elementor-widget-text-editor\" data-id=\"59cae020\" data-element_type=\"widget\" data-widget_type=\"text-editor.default\">\n\t\t\t\t<div class=\"elementor-widget-container\">\n\t\t\t<style>\/*! elementor - v3.14.0 - 26-06-2023 *\/\n.elementor-widget-text-editor.elementor-drop-cap-view-stacked .elementor-drop-cap{background-color:#69727d;color:#fff}.elementor-widget-text-editor.elementor-drop-cap-view-framed .elementor-drop-cap{color:#69727d;border:3px solid;background-color:transparent}.elementor-widget-text-editor:not(.elementor-drop-cap-view-default) .elementor-drop-cap{margin-top:8px}.elementor-widget-text-editor:not(.elementor-drop-cap-view-default) .elementor-drop-cap-letter{width:1em;height:1em}.elementor-widget-text-editor .elementor-drop-cap{float:left;text-align:center;line-height:1;font-size:50px}.elementor-widget-text-editor .elementor-drop-cap-letter{display:inline-block}<\/style>\t\t\t\t\t\t\t\t\t\t<\/div>\n\t\t\t\t<\/div>\n\t\t\t\t<div class=\"elementor-element elementor-element-36a712b7 elementor-widget__width-auto elementor-widget elementor-widget-text-editor\" data-id=\"36a712b7\" data-element_type=\"widget\" data-widget_type=\"text-editor.default\">\n\t\t\t\t<div class=\"elementor-widget-container\">\n\t\t\t\t\t\t\t\t\t\t\t\t\t<\/div>\n\t\t\t\t<\/div>\n\t\t\t\t\t<\/div>\n\t\t<\/div>\n\t\t\t\t\t\t\t<\/div>\n\t\t<\/section>\n\t\t\t\t<section class=\"elementor-section elementor-top-section elementor-element elementor-element-3c37da2b elementor-section-boxed elementor-section-height-default elementor-section-height-default\" data-id=\"3c37da2b\" data-element_type=\"section\" data-settings=\"{&quot;jet_parallax_layout_list&quot;:[]}\">\n\t\t\t\t\t\t<div class=\"elementor-container elementor-column-gap-default\">\n\t\t\t\t\t<div class=\"elementor-column elementor-col-100 elementor-top-column elementor-element elementor-element-1d0696e1\" data-id=\"1d0696e1\" data-element_type=\"column\">\n\t\t\t<div class=\"elementor-widget-wrap elementor-element-populated\">\n\t\t\t\t\t\t\t\t<div class=\"elementor-element elementor-element-36711d93 elementor-view-default elementor-widget elementor-widget-icon\" data-id=\"36711d93\" data-element_type=\"widget\" data-widget_type=\"icon.default\">\n\t\t\t\t<div class=\"elementor-widget-container\">\n\t\t\t\t\t<div class=\"elementor-icon-wrapper\">\n\t\t\t<div class=\"elementor-icon\">\n\t\t\t<i aria-hidden=\"true\" class=\"jki jki-quote-left-solid\"><\/i>\t\t\t<\/div>\n\t\t<\/div>\n\t\t\t\t<\/div>\n\t\t\t\t<\/div>\n\t\t\t\t<div class=\"elementor-element elementor-element-67b48323 elementor-widget elementor-widget-heading\" data-id=\"67b48323\" data-element_type=\"widget\" data-widget_type=\"heading.default\">\n\t\t\t\t<div class=\"elementor-widget-container\">\n\t\t\t<h2 class=\"elementor-heading-title elementor-size-default\">Tout seul on va plus vite, \nensemble on va plus loin<\/h2>\t\t<\/div>\n\t\t\t\t<\/div>\n\t\t\t\t<div class=\"elementor-element elementor-element-78522b6d elementor-widget__width-initial elementor-widget elementor-widget-spacer\" data-id=\"78522b6d\" data-element_type=\"widget\" data-widget_type=\"spacer.default\">\n\t\t\t\t<div class=\"elementor-widget-container\">\n\t\t\t<style>\/*! elementor - v3.14.0 - 26-06-2023 *\/\n.elementor-column .elementor-spacer-inner{height:var(--spacer-size)}.e-con{--container-widget-width:100%}.e-con-inner>.elementor-widget-spacer,.e-con>.elementor-widget-spacer{width:var(--container-widget-width,var(--spacer-size));--align-self:var(--container-widget-align-self,initial);--flex-shrink:0}.e-con-inner>.elementor-widget-spacer>.elementor-widget-container,.e-con-inner>.elementor-widget-spacer>.elementor-widget-container>.elementor-spacer,.e-con>.elementor-widget-spacer>.elementor-widget-container,.e-con>.elementor-widget-spacer>.elementor-widget-container>.elementor-spacer{height:100%}.e-con-inner>.elementor-widget-spacer>.elementor-widget-container>.elementor-spacer>.elementor-spacer-inner,.e-con>.elementor-widget-spacer>.elementor-widget-container>.elementor-spacer>.elementor-spacer-inner{height:var(--container-widget-height,var(--spacer-size))}<\/style>\t\t<div class=\"elementor-spacer\">\n\t\t\t<div class=\"elementor-spacer-inner\"><\/div>\n\t\t<\/div>\n\t\t\t\t<\/div>\n\t\t\t\t<\/div>\n\t\t\t\t<div class=\"elementor-element elementor-element-6b235ab6 elementor-widget elementor-widget-text-editor\" data-id=\"6b235ab6\" data-element_type=\"widget\" data-widget_type=\"text-editor.default\">\n\t\t\t\t<div class=\"elementor-widget-container\">\n\t\t\t\t\t\t\t\t\t\t\t\t\t<\/div>\n\t\t\t\t<\/div>\n\t\t\t\t\t<\/div>\n\t\t<\/div>\n\t\t\t\t\t\t\t<\/div>\n\t\t<\/section>\n\t\t\t\t<section class=\"elementor-section elementor-top-section elementor-element elementor-element-2d5ae9d6 elementor-section-boxed elementor-section-height-default elementor-section-height-default\" data-id=\"2d5ae9d6\" data-element_type=\"section\" data-settings=\"{&quot;jet_parallax_layout_list&quot;:[]}\">\n\t\t\t\t\t\t<div class=\"elementor-container elementor-column-gap-no\">\n\t\t\t\t\t<div class=\"elementor-column elementor-col-50 elementor-top-column elementor-element elementor-element-29aab54c\" data-id=\"29aab54c\" data-element_type=\"column\">\n\t\t\t<div class=\"elementor-widget-wrap elementor-element-populated\">\n\t\t\t\t\t\t\t\t<div class=\"elementor-element elementor-element-7e5b5cfd elementor-widget elementor-widget-text-editor\" data-id=\"7e5b5cfd\" data-element_type=\"widget\" data-widget_type=\"text-editor.default\">\n\t\t\t\t<div class=\"elementor-widget-container\">\n\t\t\t\t\t\t\t<p>Histoire<\/p>\t\t\t\t\t\t<\/div>\n\t\t\t\t<\/div>\n\t\t\t\t<div class=\"elementor-element elementor-element-2482860f elementor-widget elementor-widget-heading\" data-id=\"2482860f\" data-element_type=\"widget\" data-widget_type=\"heading.default\">\n\t\t\t\t<div class=\"elementor-widget-container\">\n\t\t\t<h2 class=\"elementor-heading-title elementor-size-large\">Une histoire, des valeurs<\/h2>\t\t<\/div>\n\t\t\t\t<\/div>\n\t\t\t\t<div class=\"elementor-element elementor-element-173ab09c elementor-widget elementor-widget-text-editor\" data-id=\"173ab09c\" data-element_type=\"widget\" data-widget_type=\"text-editor.default\">\n\t\t\t\t<div class=\"elementor-widget-container\">\n\t\t\t\t\t\t\t<p style=\"text-align: left;\">Cr\u00e9\u00e9e en 1931, l&#8217;Amicale La\u00efque de Saint-Genest-Lerpt est une association active depuis plus de 90 ans qui propose un large \u00e9ventail d&#8217;activit\u00e9s pour les habitants de la ville et de ses alentours. Les diff\u00e9rentes sections de l&#8217;amicale la\u00efque comprennent le basketball, les boules lyonnaises, la p\u00e9tanque, le football, et la culture. Les passionn\u00e9s de sport peuvent s&#8217;adonner \u00e0 leur discipline favorite tout en se divertissant, tandis que les amateurs d&#8217;art et de culture peuvent participer \u00e0 des \u00e9v\u00e9nements culturels organis\u00e9s tout au long de l&#8217;ann\u00e9e.<\/p><p><span class=\"text-900\">L&#8217;Amicale la\u00efque de Saint-Genest-Lerpt, \u00e0 travers ses diff\u00e9rentes sections, pr\u00f4ne des valeurs d&#8217;entraide, de partage et de solidarit\u00e9. Ces valeurs sont particuli\u00e8rement pr\u00e9gnantes dans la section basket, o\u00f9 l&#8217;esprit d&#8217;\u00e9quipe, le respect de l&#8217;adversaire et le fair-play sont au centre des pr\u00e9occupations. Les membres du bureau de l&#8217;Amicale la\u00efque Saint-Genest-Lerpt Basket ont une vision \u00e0 long terme pour d\u00e9velopper le club, tout en gardant en t\u00eate les valeurs qui font la force de l&#8217;association.<\/span><\/p>\t\t\t\t\t\t<\/div>\n\t\t\t\t<\/div>\n\t\t\t\t\t<\/div>\n\t\t<\/div>\n\t\t\t\t<div class=\"elementor-column elementor-col-50 elementor-top-column elementor-element elementor-element-271ef26a\" data-id=\"271ef26a\" data-element_type=\"column\" data-settings=\"{&quot;background_background&quot;:&quot;classic&quot;}\">\n\t\t\t<div class=\"elementor-widget-wrap elementor-element-populated\">\n\t\t\t\t\t\t\t\t<div class=\"elementor-element elementor-element-79ef8dd3 elementor-widget elementor-widget-image\" data-id=\"79ef8dd3\" data-element_type=\"widget\" data-widget_type=\"image.default\">\n\t\t\t\t<div class=\"elementor-widget-container\">\n\t\t\t<style>\/*! elementor - v3.14.0 - 26-06-2023 *\/\n.elementor-widget-image{text-align:center}.elementor-widget-image a{display:inline-block}.elementor-widget-image a img[src$=\".svg\"]{width:48px}.elementor-widget-image img{vertical-align:middle;display:inline-block}<\/style>\t\t\t\t\t\t\t\t\t\t\t\t<img loading=\"lazy\" decoding=\"async\" width=\"2000\" height=\"1500\" src=\"https:\/\/7g7mpt.n0c.world\/wp-content\/uploads\/2023\/06\/orange-basketball-balls.jpg\" class=\"attachment-full size-full wp-image-59\" alt=\"\" srcset=\"https:\/\/7g7mpt.n0c.world\/wp-content\/uploads\/2023\/06\/orange-basketball-balls.jpg 2000w, https:\/\/7g7mpt.n0c.world\/wp-content\/uploads\/2023\/06\/orange-basketball-balls-600x450.jpg 600w, https:\/\/7g7mpt.n0c.world\/wp-content\/uploads\/2023\/06\/orange-basketball-balls-300x225.jpg 300w, https:\/\/7g7mpt.n0c.world\/wp-content\/uploads\/2023\/06\/orange-basketball-balls-1024x768.jpg 1024w, https:\/\/7g7mpt.n0c.world\/wp-content\/uploads\/2023\/06\/orange-basketball-balls-768x576.jpg 768w, https:\/\/7g7mpt.n0c.world\/wp-content\/uploads\/2023\/06\/orange-basketball-balls-1536x1152.jpg 1536w\" sizes=\"auto, (max-width: 2000px) 100vw, 2000px\" \/>\t\t\t\t\t\t\t\t\t\t\t\t\t\t\t<\/div>\n\t\t\t\t<\/div>\n\t\t\t\t<div class=\"elementor-element elementor-element-326bc17d elementor-absolute animated-slow elementor-invisible elementor-widget elementor-widget-image\" data-id=\"326bc17d\" data-element_type=\"widget\" data-settings=\"{&quot;_position&quot;:&quot;absolute&quot;,&quot;_animation&quot;:&quot;fadeInUp&quot;}\" data-widget_type=\"image.default\">\n\t\t\t\t<div class=\"elementor-widget-container\">\n\t\t\t\t\t\t\t\t\t\t\t\t\t\t\t<img loading=\"lazy\" decoding=\"async\" width=\"2560\" height=\"1920\" src=\"https:\/\/7g7mpt.n0c.world\/wp-content\/uploads\/2024\/02\/IMG_1803-scaled.jpg\" class=\"attachment-full size-full wp-image-344\" alt=\"\" srcset=\"https:\/\/7g7mpt.n0c.world\/wp-content\/uploads\/2024\/02\/IMG_1803-scaled.jpg 2560w, https:\/\/7g7mpt.n0c.world\/wp-content\/uploads\/2024\/02\/IMG_1803-300x225.jpg 300w, https:\/\/7g7mpt.n0c.world\/wp-content\/uploads\/2024\/02\/IMG_1803-1024x768.jpg 1024w, https:\/\/7g7mpt.n0c.world\/wp-content\/uploads\/2024\/02\/IMG_1803-768x576.jpg 768w, https:\/\/7g7mpt.n0c.world\/wp-content\/uploads\/2024\/02\/IMG_1803-1536x1152.jpg 1536w, https:\/\/7g7mpt.n0c.world\/wp-content\/uploads\/2024\/02\/IMG_1803-2048x1536.jpg 2048w, https:\/\/7g7mpt.n0c.world\/wp-content\/uploads\/2024\/02\/IMG_1803-600x450.jpg 600w\" sizes=\"auto, (max-width: 2560px) 100vw, 2560px\" \/>\t\t\t\t\t\t\t\t\t\t\t\t\t\t\t<\/div>\n\t\t\t\t<\/div>\n\t\t\t\t<div class=\"elementor-element elementor-element-7f0379ed elementor-widget__width-initial elementor-absolute animated-slow elementor-invisible elementor-widget elementor-widget-jkit_video_button\" data-id=\"7f0379ed\" data-element_type=\"widget\" data-settings=\"{&quot;_position&quot;:&quot;absolute&quot;,&quot;_animation&quot;:&quot;fadeInUp&quot;,&quot;_animation_delay&quot;:10}\" data-widget_type=\"jkit_video_button.default\">\n\t\t\t\t<div class=\"elementor-widget-container\">\n\t\t\t<div  class=\"jeg-elementor-kit jkit-video-button jeg_module___69e362f584bab\"  data-autoplay=\"0\" data-loop=\"0\" data-controls=\"0\" data-type=\"youtube\" data-mute=\"0\" data-start=\"0\" data-end=\"0\"><a href=\"https:\/\/www.youtube.com\/watch?v=MLpWrANjFbI\"  class=\"jkit-video-popup-btn glow-enable\"  ><span class=\"icon-position-before\"><i aria-hidden=\"true\" class=\"jki jki-play1-light\"><\/i><\/span><\/a><\/div>\t\t<\/div>\n\t\t\t\t<\/div>\n\t\t\t\t\t<\/div>\n\t\t<\/div>\n\t\t\t\t\t\t\t<\/div>\n\t\t<\/section>\n\t\t\t\t<section class=\"elementor-section elementor-top-section elementor-element elementor-element-409e469f elementor-section-boxed elementor-section-height-default elementor-section-height-default\" data-id=\"409e469f\" data-element_type=\"section\" data-settings=\"{&quot;background_background&quot;:&quot;classic&quot;,&quot;jet_parallax_layout_list&quot;:[]}\">\n\t\t\t\t\t\t\t<div class=\"elementor-background-overlay\"><\/div>\n\t\t\t\t\t\t\t<div class=\"elementor-container elementor-column-gap-no\">\n\t\t\t\t\t<div class=\"elementor-column elementor-col-100 elementor-top-column elementor-element elementor-element-4a7641a7\" data-id=\"4a7641a7\" data-element_type=\"column\">\n\t\t\t<div class=\"elementor-widget-wrap\">\n\t\t\t\t\t\t\t\t\t<\/div>\n\t\t<\/div>\n\t\t\t\t\t\t\t<\/div>\n\t\t<\/section>\n\t\t\t\t\t\t\t<\/div>\n\t\t","protected":false},"excerpt":{"rendered":"<p>Amicale la\u00efque saint genest lerpt basket Tout seul on va plus vite, ensemble on va plus loin Histoire Une histoire, des valeurs Cr\u00e9\u00e9e en 1931, l&#8217;Amicale La\u00efque de Saint-Genest-Lerpt est une association active depuis plus de 90 ans qui propose un large \u00e9ventail d&#8217;activit\u00e9s pour les habitants de la ville et de ses alentours. Les [&hellip;]<\/p>\n","protected":false},"author":1,"featured_media":0,"parent":0,"menu_order":0,"comment_status":"closed","ping_status":"closed","template":"","meta":{"footnotes":""},"class_list":["post-10","page","type-page","status-publish","hentry"],"_links":{"self":[{"href":"https:\/\/7g7mpt.n0c.world\/index.php\/wp-json\/wp\/v2\/pages\/10","targetHints":{"allow":["GET"]}}],"collection":[{"href":"https:\/\/7g7mpt.n0c.world\/index.php\/wp-json\/wp\/v2\/pages"}],"about":[{"href":"https:\/\/7g7mpt.n0c.world\/index.php\/wp-json\/wp\/v2\/types\/page"}],"author":[{"embeddable":true,"href":"https:\/\/7g7mpt.n0c.world\/index.php\/wp-json\/wp\/v2\/users\/1"}],"replies":[{"embeddable":true,"href":"https:\/\/7g7mpt.n0c.world\/index.php\/wp-json\/wp\/v2\/comments?post=10"}],"version-history":[{"count":11,"href":"https:\/\/7g7mpt.n0c.world\/index.php\/wp-json\/wp\/v2\/pages\/10\/revisions"}],"predecessor-version":[{"id":472,"href":"https:\/\/7g7mpt.n0c.world\/index.php\/wp-json\/wp\/v2\/pages\/10\/revisions\/472"}],"wp:attachment":[{"href":"https:\/\/7g7mpt.n0c.world\/index.php\/wp-json\/wp\/v2\/media?parent=10"}],"curies":[{"name":"wp","href":"https:\/\/api.w.org\/{rel}","templated":true}]}}